{"id":14352,"date":"2025-02-13T13:42:01","date_gmt":"2025-02-13T13:42:01","guid":{"rendered":"https:\/\/kaleela.com\/tastiera-araba\/"},"modified":"2025-03-02T10:11:37","modified_gmt":"2025-03-02T10:11:37","slug":"tastiera-araba","status":"publish","type":"page","link":"https:\/\/kaleela.com\/it\/tastiera-araba\/","title":{"rendered":"Tastiera Araba"},"content":{"rendered":"\t\t<div data-elementor-type=\"wp-page\" data-elementor-id=\"14352\" class=\"elementor elementor-14352 elementor-331\" data-elementor-post-type=\"page\">\n\t\t\t\t<div class=\"elementor-element elementor-element-1f3e0cd e-flex e-con-boxed e-con e-parent\" data-id=\"1f3e0cd\" data-element_type=\"container\" data-settings=\"{&quot;background_background&quot;:&quot;classic&quot;}\">\n\t\t\t\t\t<div class=\"e-con-inner\">\n\t\t<div class=\"elementor-element elementor-element-be19f00 e-con-full e-flex e-con e-child\" data-id=\"be19f00\" data-element_type=\"container\">\n\t\t\t\t<div class=\"elementor-element elementor-element-4015cbc elementor-invisible elementor-widget elementor-widget-heading\" data-id=\"4015cbc\" data-element_type=\"widget\" data-settings=\"{&quot;_animation&quot;:&quot;fadeInUp&quot;}\" data-widget_type=\"heading.default\">\n\t\t\t\t\t<h1 class=\"elementor-heading-title elementor-size-default\">Tastiera Araba<\/h1>\t\t\t\t<\/div>\n\t\t\t\t<div class=\"elementor-element elementor-element-5777eb5 elementor-widget-divider--view-line elementor-widget elementor-widget-divider\" data-id=\"5777eb5\" data-element_type=\"widget\" data-widget_type=\"divider.default\">\n\t\t\t\t\t\t\t<div class=\"elementor-divider\">\n\t\t\t<span class=\"elementor-divider-separator\">\n\t\t\t\t\t\t<\/span>\n\t\t<\/div>\n\t\t\t\t\t\t<\/div>\n\t\t\t\t<\/div>\n\t\t\t\t\t<\/div>\n\t\t\t\t<\/div>\n\t\t<div class=\"elementor-element elementor-element-fc41c41 e-flex e-con-boxed e-con e-parent\" data-id=\"fc41c41\" data-element_type=\"container\">\n\t\t\t\t\t<div class=\"e-con-inner\">\n\t\t\t\t<div class=\"elementor-element elementor-element-4f802e2 elementor-widget elementor-widget-text-editor\" data-id=\"4f802e2\" data-element_type=\"widget\" data-widget_type=\"text-editor.default\">\n\t\t\t\t\t\t\t\t\t<p>Con questa tastiera araba online, puoi digitare le lettere arabe senza installare un&#8217;app aggiuntiva. Questo strumento \u00e8 particolarmente utile per gli utenti di desktop che non dispongono di una tastiera araba fisica. Tuttavia, \u00e8 adatto anche agli utenti di dispositivi mobili. Una caratteristica importante \u00e8 la presenza delle vocali brevi. Questo semplice layout della tastiera araba facilita la pratica per gli studenti della lingua. Il pulsante &#8220;Seleziona&#8221; ti permette di evidenziare l&#8217;intero testo per poi utilizzare il comando &#8220;Copia&#8221;, se lo desideri. Il testo copiato pu\u00f2 essere incollato su qualsiasi altro sito web. La funzione &#8220;Cerca su Google&#8221; aprir\u00e0 automaticamente una finestra di ricerca su Google con il testo scritto.       <\/p>\t\t\t\t\t\t\t\t<\/div>\n\t\t\t\t<div class=\"elementor-element elementor-element-1ccaefb elementor-widget elementor-widget-shortcode\" data-id=\"1ccaefb\" data-element_type=\"widget\" data-widget_type=\"shortcode.default\">\n\t\t\t\t\t\t\t<div class=\"elementor-shortcode\"><div id='wpvrk_keyboard_main_wrapper'><div id='areawrapper'><textarea tabindex='1' class='resizable processed' name='area' dir='rtl' id='area'><\/textarea><\/div><div id='keyboard'> <ul class='cf' id='numbers'>\r\n\t<li><a class='key c192' onclick='wpavk_wr(\"\u0630\")'><span>~<\/span>&#1584;<\/a><\/li>\r\n\t<li><a class='key c49' onclick='wpavk_wr(\"&#1633;\")'><span>1<\/span>&#1633;<\/a><\/li>\r\n\t<li><a class='key c50' onclick='wpavk_wr(\"&#1634;\")'><span>2<\/span>&#1634;<\/a><\/li>\r\n\t<li><a class='key c51' onclick='wpavk_wr(\"&#1635;\")'><span>3<\/span>&#1635;<\/a><\/li>\r\n\t<li><a class='key c52' onclick='wpavk_wr(\"&#1636;\")'><span>4<\/span>&#1636;<\/a><\/li>\r\n\t<li><a class='key c53' onclick='wpavk_wr(\"&#1637;\")'><span>5<\/span>&#1637;<\/a><\/li>\r\n\t<li><a class='key c54' onclick='wpavk_wr(\"&#1638;\")'><span>6<\/span>&#1638;<\/a><\/li>\r\n\t<li><a class='key c55' onclick='wpavk_wr(\"&#1639;\")'><span>7<\/span>&#1639;<\/a><\/li>\r\n\t<li><a class='key c56' onclick='wpavk_wr(\"&#1640;\")'><span>8<\/span>&#1640;<\/a><\/li>\r\n\t<li><a class='key c57' onclick='wpavk_wr(\"&#1641;\")'><span>9<\/span>&#1641;<\/a><\/li>\r\n\t<li><a class='key c48' onclick='wpavk_wr(\"&#1632;\")'><span>0<\/span>&#1632;<\/a><\/li>\r\n\t<li><a class='key c189  alt' onclick='wpavk_wr(\"~\")'><span>&nbsp;<\/span>~<\/a><\/li>\r\n\t<li><a class='key c187' onclick='wpavk_wr(\"!\")'><span>&nbsp;<\/span>!<\/a><\/li>\r\n\t<li><a class='key c46' id='delete' onclick='wpavk_op(\"back\")'><span>Delete<\/span><\/a><\/li>\r\n\t\t\t\t<\/ul>\r\n\t\t\t\t<ul class='cf' id='qwerty'>\r\n\t<li><a class='key c9' id='tab' onclick='wpavk_wr(\"\\t\")'><span>Tab<\/span><\/a><\/li>\r\n\t<li><a class='key c81' onclick='wpavk_wr(\"\u0636\")'><span>q<\/span>&#1590;<\/a><\/li>\r\n\t<li><a class='key c87' onclick='wpavk_wr(\"\u0635\")'><span>w<\/span>&#1589;<\/a><\/li>\r\n\t<li><a class='key c69' onclick='wpavk_wr(\"\u062b\")'><span>e<\/span>&#1579;<\/a><\/li>\r\n\t<li><a class='key c82' onclick='wpavk_wr(\"\u0642\")'><span>r<\/span>&#1602;<\/a><\/li>\r\n\t<li><a class='key c84' onclick='wpavk_wr(\"\u0641\")'><span>t<\/span>&#1601;<\/a><\/li>\r\n\t<li><a class='key c89' onclick='wpavk_wr(\"\u063a\")'><span>y<\/span>&#1594;<\/a><\/li>\r\n\t<li><a class='key c85' onclick='wpavk_wr(\"\u0639\")'><span>u<\/span>&#1593;<\/a><\/li>\r\n\t<li><a class='key c73' onclick='wpavk_wr(\"\u0647\")'><span>i<\/span>&#1607;<\/a><\/li>\r\n\t<li><a class='key c79' onclick='wpavk_wr(\"\u062e\")'><span>o<\/span>&#1582;<\/a><\/li>\r\n\t<li><a class='key c80' onclick='wpavk_wr(\"\u062d\")'><span>p<\/span>&#1581;<\/a><\/li>\r\n\t<li><a class='key c219 alt' onclick='wpavk_wr(\"\u062c\")'><span>{[<\/span>&#1580;<\/a><\/li>\r\n\t<li><a class='key c221 alt' onclick='wpavk_wr(\"\u062f\")'><span>}]<\/span>&#1583;<\/a><\/li>\r\n\t<li><a class='key c220 alt' onclick='wpavk_wr(\"_\")'><span>- _<\/span><\/a><\/li>\r\n\t\t\t\t<\/ul>\r\n\t\t\t\t<ul class='cf' id='asdfg'>\r\n\t<li><a class='key c20 alt' id='caps' data-clipboard-target='#area'><span>Copy<\/span><\/a><\/li>\r\n\t<li><a class='key c65' onClick='wpavk_wr(\"\u0634\")'><span>a<\/span>&#1588;<\/a><\/li>\r\n\t<li><a class='key c83' onclick='wpavk_wr(\"\u0633\")'><span>s<\/span>&#1587;<\/a><\/li>\r\n\t<li><a class='key c68' onclick='wpavk_wr(\"\u064a\")'><span>d<\/span>&#1610;<\/a><\/li>\r\n\t<li><a class='key c70' onclick='wpavk_wr(\"\u0628\")'><span>f<\/span>&#1576;<\/a><\/li>\r\n\t<li><a class='key c71' onclick='wpavk_wr(\"\u0644\")'><span>g<\/span>&#1604;<\/a><\/li>\r\n\t<li><a class='key c72' onclick='wpavk_wr(\"\u0627\")'><span>h<\/span>&#1575;<\/a><\/li>\r\n\t<li><a class='key c74' onclick='wpavk_wr(\"\u062a\")'><span>j<\/span>&#1578;<\/a><\/li>\r\n\t<li><a class='key c75' onclick='wpavk_wr(\"\u0646\")'><span>k<\/span>&#1606;<\/a><\/li>\r\n\t<li><a class='key c76' onclick='wpavk_wr(\"\u0645\")'><span>l<\/span>&#1605;<\/a><\/li>\r\n\t<li><a class='key c186 alt' onclick='wpavk_wr(\"\u0643\")'><span>\"<\/span>&#1603;<\/a><\/li>\r\n\t<li><a class='key c222 alt' onClick='wpavk_wr(\"\u0637\")'><span>\"<\/span>&#1591;<\/a><\/li>\r\n\t<li><a class='key c13 alt'id='enter' onClick='wpavk_wr(\"\\n\")'><span>Enter<\/span><\/a><\/li>\r\n\t\t\t\t<\/ul>\r\n\t\t\t\t<ul class='cf' id='zxcvb'>\r\n\t<li><a class='key c16 shiftleft'onClick='wpavk_op(\"google\");'><span>Search in Google<\/span><\/a><\/li>\r\n\t<li><a class='key c90' onClick='wpavk_wr(\"\u0626\")'><span>z<\/span>&#1574;<\/a><\/li>\r\n\t<li><a class='key c88' onclick='wpavk_wr(\"\u0621\")'><span>x<\/span>&#1569;<\/a><\/li>\r\n\t<li><a class='key c67' onclick='wpavk_wr(\"\u0624\")'><span>c<\/span>&#1572;<\/a><\/li>\r\n\t<li><a class='key c86' onclick='wpavk_wr(\"\u0631\")'><span>v<\/span>&#1585;<\/a><\/li>\r\n\t<li><a class='key c66' onclick='wpavk_wr(\"\u0644\u0627\")'><span>b<\/span>&#1604;&#1575;<\/a><\/li>\r\n\t<li><a class='key c78' onclick='wpavk_wr(\"\u0649\")'><span>n<\/span>&#1609;<\/a><\/li>\r\n\t<li><a class='key c77' onclick='wpavk_wr(\"\u0629\")'><span>m<\/span>&#1577;<\/a><\/li>\r\n\t<li><a class='key c188 alt' onclick='wpavk_wr(\"\u0648\")'><span>&lt;,<\/span>&#1608;<\/a><\/li>\r\n\t<li><a class='key c190 alt' onclick='wpavk_wr(\"\u0632\")'><span>&gt;.<\/span>&#1586;<\/a><\/li>\r\n\t<li><a class='key c191 alt' onClick='wpavk_wr(\"\u0638\")'><span>?\/<\/span>&#1592;<\/a><\/li>\r\n\t<li><a class='key c16 shiftright' onclick='wpavk_sl(\"area\").select()'><span>Select<\/span><\/a><\/li>\r\n\t\t\t\t<\/ul>\r\n\t\t\t\t<ul class='cf' id='bottomrow'>\r\n\t<li id='vow-1'><a class='key c90' onClick='wpavk_wr(\"&#1611;\")'>&#1611;<\/a><\/li>\r\n\t<li><a class='key c90' onClick='wpavk_wr(\"&#1612;\")'>&#1612;<\/a><\/li>\r\n\t<li><a class='key c90' onClick='wpavk_wr(\"&#1613;\")'>&#1613;<\/a><\/li>\r\n\t<li><a class='key c90' onClick='wpavk_wr(\"&#1614;\")'>&#1614;<\/a><\/li>\r\n\t<li><a class='key c32' id='spacebar' onClick='wpavk_wr(\" \")'> <\/a><\/li>\r\n\t<li><a class='key c90' onClick='wpavk_wr(\"&#1615;\")'>&#1615;<\/a><\/li>\r\n\t<li><a class='key c90' onClick='wpavk_wr(\"&#1616;\")'>&#1616;<\/a><\/li>\r\n\t<li><a class='key c90' onClick='wpavk_wr(\"&#1617;\")'>&#1617;<\/a><\/li>\r\n\t<li><a class='key c90' onClick='wpavk_wr(\"&#1618;\")'>&#1618;<\/a><\/li>\r\n\t\t\t\t<\/ul>\r\n\t\t\t\t\r\n\t\t\t\t<ul class='cf additional' id='qwerty'>\r\n\t<li><a class='key c81'onclick='wpavk_wr(\"\u0644\u0622\")'>&#1604;&#1570;<\/a><\/li>\r\n\t<li><a class='key c87'onclick='wpavk_wr(\"\u0622\")'>&#1570;<\/a><\/li>\r\n\t<li><a class='key c90' onClick='wpavk_wr(\",\")'>,<\/a><\/li>\r\n\t<li><a class='key c90' onClick='wpavk_wr(\".\")'>.<\/a><\/li> \r\n\t<li><a class='key c90' onClick='wpavk_wr(\"\u061f\")'>&#1567;<\/a><\/li> \r\n\t<li><a class='key c90' onClick='wpavk_wr(\"\u0644\u0623\")'>&#1604;&#1571;<\/a><\/li> \r\n\t<li><a class='key c82' onclick='wpavk_wr(\"\u0623\")'>&#1571;<\/a><\/li>\r\n\t<li><a class='key c84' onclick='wpavk_wr(\"-\")'>-<\/a><\/li>\r\n\t<li><a class='key c89' onclick='wpavk_wr(\"\u060c\")'>&#1548;<\/a><\/li>\r\n\t<li><a class='key c85' onclick='wpavk_wr(\"\u0625\")'>&#1573;<\/a><\/li>\r\n\t<li><a class='key c73' onclick='wpavk_wr(\";\")'>;<\/a><\/li>\r\n\t\t\t\t<\/ul>\r\n\t\t\t<\/div>\r\n\t<\/div><\/div>\n\t\t\t\t\t\t<\/div>\n\t\t\t\t\t<\/div>\n\t\t\t\t<\/div>\n\t\t\t\t<\/div>\n\t\t","protected":false},"excerpt":{"rendered":"<p>Tastiera Araba Con questa tastiera araba online, puoi digitare le lettere arabe senza installare un&#8217;app aggiuntiva. Questo strumento \u00e8 particolarmente utile per gli utenti di desktop che non dispongono di una tastiera araba fisica. Tuttavia, \u00e8 adatto anche agli utenti di dispositivi mobili. Una caratteristica importante \u00e8 la presenza delle vocali brevi. Questo semplice layout [&hellip;]<\/p>\n","protected":false},"author":1,"featured_media":0,"parent":0,"menu_order":0,"comment_status":"closed","ping_status":"open","template":"elementor_header_footer","meta":{"footnotes":""},"class_list":["post-14352","page","type-page","status-publish","hentry"],"yoast_head":"<!-- This site is optimized with the Yoast SEO Premium plugin v25.7.1 (Yoast SEO v26.6) - https:\/\/yoast.com\/wordpress\/plugins\/seo\/ -->\n<title>Tastiera Araba - Kaleela App<\/title>\n<meta name=\"robots\" content=\"index, follow, max-snippet:-1, max-image-preview:large, max-video-preview:-1\" \/>\n<link rel=\"canonical\" href=\"https:\/\/kaleela.com\/it\/tastiera-araba\/\" \/>\n<meta property=\"og:locale\" content=\"it_IT\" \/>\n<meta property=\"og:type\" content=\"article\" \/>\n<meta property=\"og:title\" content=\"Tastiera Araba\" \/>\n<meta property=\"og:description\" content=\"Tastiera Araba Con questa tastiera araba online, puoi digitare le lettere arabe senza installare un&#8217;app aggiuntiva. Questo strumento \u00e8 particolarmente utile per gli utenti di desktop che non dispongono di una tastiera araba fisica. Tuttavia, \u00e8 adatto anche agli utenti di dispositivi mobili. Una caratteristica importante \u00e8 la presenza delle vocali brevi. Questo semplice layout [&hellip;]\" \/>\n<meta property=\"og:url\" content=\"https:\/\/kaleela.com\/it\/tastiera-araba\/\" \/>\n<meta property=\"og:site_name\" content=\"Kaleela App\" \/>\n<meta property=\"article:publisher\" content=\"https:\/\/www.facebook.com\/KaleelaArabic\/\" \/>\n<meta property=\"article:modified_time\" content=\"2025-03-02T10:11:37+00:00\" \/>\n<meta name=\"twitter:card\" content=\"summary_large_image\" \/>\n<meta name=\"twitter:site\" content=\"@KaleelaArabic\" \/>\n<meta name=\"twitter:label1\" content=\"Tempo di lettura stimato\" \/>\n\t<meta name=\"twitter:data1\" content=\"1 minuto\" \/>\n<script type=\"application\/ld+json\" class=\"yoast-schema-graph\">{\"@context\":\"https:\/\/schema.org\",\"@graph\":[{\"@type\":\"WebPage\",\"@id\":\"https:\/\/kaleela.com\/it\/tastiera-araba\/\",\"url\":\"https:\/\/kaleela.com\/it\/tastiera-araba\/\",\"name\":\"Tastiera Araba - Kaleela App\",\"isPartOf\":{\"@id\":\"https:\/\/kaleela.com\/it\/#website\"},\"datePublished\":\"2025-02-13T13:42:01+00:00\",\"dateModified\":\"2025-03-02T10:11:37+00:00\",\"breadcrumb\":{\"@id\":\"https:\/\/kaleela.com\/it\/tastiera-araba\/#breadcrumb\"},\"inLanguage\":\"it-IT\",\"potentialAction\":[{\"@type\":\"ReadAction\",\"target\":[\"https:\/\/kaleela.com\/it\/tastiera-araba\/\"]}]},{\"@type\":\"BreadcrumbList\",\"@id\":\"https:\/\/kaleela.com\/it\/tastiera-araba\/#breadcrumb\",\"itemListElement\":[{\"@type\":\"ListItem\",\"position\":1,\"name\":\"Home\",\"item\":\"https:\/\/kaleela.com\/it\/home-page\/\"},{\"@type\":\"ListItem\",\"position\":2,\"name\":\"Tastiera Araba\"}]},{\"@type\":\"WebSite\",\"@id\":\"https:\/\/kaleela.com\/it\/#website\",\"url\":\"https:\/\/kaleela.com\/it\/\",\"name\":\"Kaleela - Learn Arabic\",\"description\":\"\",\"publisher\":{\"@id\":\"https:\/\/kaleela.com\/it\/#organization\"},\"potentialAction\":[{\"@type\":\"SearchAction\",\"target\":{\"@type\":\"EntryPoint\",\"urlTemplate\":\"https:\/\/kaleela.com\/it\/?s={search_term_string}\"},\"query-input\":{\"@type\":\"PropertyValueSpecification\",\"valueRequired\":true,\"valueName\":\"search_term_string\"}}],\"inLanguage\":\"it-IT\"},{\"@type\":\"Organization\",\"@id\":\"https:\/\/kaleela.com\/it\/#organization\",\"name\":\"Kaleela App\",\"url\":\"https:\/\/kaleela.com\/it\/\",\"logo\":{\"@type\":\"ImageObject\",\"inLanguage\":\"it-IT\",\"@id\":\"https:\/\/kaleela.com\/it\/#\/schema\/logo\/image\/\",\"url\":\"https:\/\/kaleela.com\/wp-content\/uploads\/2025\/02\/logo.png\",\"contentUrl\":\"https:\/\/kaleela.com\/wp-content\/uploads\/2025\/02\/logo.png\",\"width\":1000,\"height\":383,\"caption\":\"Kaleela App\"},\"image\":{\"@id\":\"https:\/\/kaleela.com\/it\/#\/schema\/logo\/image\/\"},\"sameAs\":[\"https:\/\/www.facebook.com\/KaleelaArabic\/\",\"https:\/\/x.com\/KaleelaArabic\",\"https:\/\/www.instagram.com\/kaleelaarabic\/\",\"https:\/\/www.youtube.com\/kaleelaarabic?sub_confirmation=1\"]}]}<\/script>\n<!-- \/ Yoast SEO Premium plugin. -->","yoast_head_json":{"title":"Tastiera Araba - Kaleela App","robots":{"index":"index","follow":"follow","max-snippet":"max-snippet:-1","max-image-preview":"max-image-preview:large","max-video-preview":"max-video-preview:-1"},"canonical":"https:\/\/kaleela.com\/it\/tastiera-araba\/","og_locale":"it_IT","og_type":"article","og_title":"Tastiera Araba","og_description":"Tastiera Araba Con questa tastiera araba online, puoi digitare le lettere arabe senza installare un&#8217;app aggiuntiva. Questo strumento \u00e8 particolarmente utile per gli utenti di desktop che non dispongono di una tastiera araba fisica. Tuttavia, \u00e8 adatto anche agli utenti di dispositivi mobili. Una caratteristica importante \u00e8 la presenza delle vocali brevi. Questo semplice layout [&hellip;]","og_url":"https:\/\/kaleela.com\/it\/tastiera-araba\/","og_site_name":"Kaleela App","article_publisher":"https:\/\/www.facebook.com\/KaleelaArabic\/","article_modified_time":"2025-03-02T10:11:37+00:00","twitter_card":"summary_large_image","twitter_site":"@KaleelaArabic","twitter_misc":{"Tempo di lettura stimato":"1 minuto"},"schema":{"@context":"https:\/\/schema.org","@graph":[{"@type":"WebPage","@id":"https:\/\/kaleela.com\/it\/tastiera-araba\/","url":"https:\/\/kaleela.com\/it\/tastiera-araba\/","name":"Tastiera Araba - Kaleela App","isPartOf":{"@id":"https:\/\/kaleela.com\/it\/#website"},"datePublished":"2025-02-13T13:42:01+00:00","dateModified":"2025-03-02T10:11:37+00:00","breadcrumb":{"@id":"https:\/\/kaleela.com\/it\/tastiera-araba\/#breadcrumb"},"inLanguage":"it-IT","potentialAction":[{"@type":"ReadAction","target":["https:\/\/kaleela.com\/it\/tastiera-araba\/"]}]},{"@type":"BreadcrumbList","@id":"https:\/\/kaleela.com\/it\/tastiera-araba\/#breadcrumb","itemListElement":[{"@type":"ListItem","position":1,"name":"Home","item":"https:\/\/kaleela.com\/it\/home-page\/"},{"@type":"ListItem","position":2,"name":"Tastiera Araba"}]},{"@type":"WebSite","@id":"https:\/\/kaleela.com\/it\/#website","url":"https:\/\/kaleela.com\/it\/","name":"Kaleela - Learn Arabic","description":"","publisher":{"@id":"https:\/\/kaleela.com\/it\/#organization"},"potentialAction":[{"@type":"SearchAction","target":{"@type":"EntryPoint","urlTemplate":"https:\/\/kaleela.com\/it\/?s={search_term_string}"},"query-input":{"@type":"PropertyValueSpecification","valueRequired":true,"valueName":"search_term_string"}}],"inLanguage":"it-IT"},{"@type":"Organization","@id":"https:\/\/kaleela.com\/it\/#organization","name":"Kaleela App","url":"https:\/\/kaleela.com\/it\/","logo":{"@type":"ImageObject","inLanguage":"it-IT","@id":"https:\/\/kaleela.com\/it\/#\/schema\/logo\/image\/","url":"https:\/\/kaleela.com\/wp-content\/uploads\/2025\/02\/logo.png","contentUrl":"https:\/\/kaleela.com\/wp-content\/uploads\/2025\/02\/logo.png","width":1000,"height":383,"caption":"Kaleela App"},"image":{"@id":"https:\/\/kaleela.com\/it\/#\/schema\/logo\/image\/"},"sameAs":["https:\/\/www.facebook.com\/KaleelaArabic\/","https:\/\/x.com\/KaleelaArabic","https:\/\/www.instagram.com\/kaleelaarabic\/","https:\/\/www.youtube.com\/kaleelaarabic?sub_confirmation=1"]}]}},"_links":{"self":[{"href":"https:\/\/kaleela.com\/it\/wp-json\/wp\/v2\/pages\/14352","targetHints":{"allow":["GET"]}}],"collection":[{"href":"https:\/\/kaleela.com\/it\/wp-json\/wp\/v2\/pages"}],"about":[{"href":"https:\/\/kaleela.com\/it\/wp-json\/wp\/v2\/types\/page"}],"author":[{"embeddable":true,"href":"https:\/\/kaleela.com\/it\/wp-json\/wp\/v2\/users\/1"}],"replies":[{"embeddable":true,"href":"https:\/\/kaleela.com\/it\/wp-json\/wp\/v2\/comments?post=14352"}],"version-history":[{"count":1,"href":"https:\/\/kaleela.com\/it\/wp-json\/wp\/v2\/pages\/14352\/revisions"}],"predecessor-version":[{"id":14353,"href":"https:\/\/kaleela.com\/it\/wp-json\/wp\/v2\/pages\/14352\/revisions\/14353"}],"wp:attachment":[{"href":"https:\/\/kaleela.com\/it\/wp-json\/wp\/v2\/media?parent=14352"}],"curies":[{"name":"wp","href":"https:\/\/api.w.org\/{rel}","templated":true}]}}